{"id":675,"date":"2021-12-08T15:17:00","date_gmt":"2021-12-08T15:17:00","guid":{"rendered":"https:\/\/2024.ar-calendar.ro\/home-ro\/"},"modified":"2023-12-06T08:46:45","modified_gmt":"2023-12-06T08:46:45","slug":"home-ro","status":"publish","type":"page","link":"https:\/\/2024.ar-calendar.ro\/hu\/","title":{"rendered":"!Home-HU"},"content":{"rendered":"<div class=\"wpb-content-wrapper\"><p>[vc_row full_height=&#8221;yes&#8221; equal_height=&#8221;yes&#8221; content_placement=&#8221;middle&#8221; el_id=&#8221;homepageHero&#8221;][vc_column width=&#8221;3\/5&#8243;][vc_custom_heading text=&#8221;2024&#8243; font_container=&#8221;tag:h1|text_align:left&#8221; use_theme_fonts=&#8221;yes&#8221; el_class=&#8221;date&#8221;][vc_custom_heading text=&#8221;AZ ORVOSTUDOM\u00c1NY&#8221; font_container=&#8221;tag:h1|text_align:left&#8221; use_theme_fonts=&#8221;yes&#8221;][vc_custom_heading text=&#8221;Tit\u00e1njai&#8221; font_container=&#8221;tag:h3|text_align:left&#8221; use_theme_fonts=&#8221;yes&#8221;][\/vc_column][vc_column width=&#8221;2\/5&#8243;][vc_single_image image=&#8221;331&#8243; img_size=&#8221;full&#8221; alignment=&#8221;center&#8221; image_hovers=&#8221;false&#8221; lazy_loading=&#8221;true&#8221;][\/vc_column][\/vc_row][vc_row full_height=&#8221;yes&#8221; equal_height=&#8221;yes&#8221; content_placement=&#8221;middle&#8221; el_id=&#8221;homepageHeroMobile&#8221;][vc_column][vc_single_image image=&#8221;331&#8243; img_size=&#8221;full&#8221; alignment=&#8221;center&#8221; image_hovers=&#8221;false&#8221; lazy_loading=&#8221;true&#8221;][vc_custom_heading text=&#8221;AZ ORVOSTUDOM\u00c1NY&#8221; font_container=&#8221;tag:h1|text_align:center&#8221; use_theme_fonts=&#8221;yes&#8221;][vc_custom_heading text=&#8221;Tit\u00e1njai&#8221; font_container=&#8221;tag:h3|text_align:center&#8221; use_theme_fonts=&#8221;yes&#8221;][\/vc_column][\/vc_row][vc_row][vc_column width=&#8221;1\/4&#8243;][\/vc_column][vc_column width=&#8221;1\/2&#8243;][vc_column_text]<\/p>\n<p style=\"text-align: center;\">Kutat\u00f3k \u00e9s tud\u00f3sok, akik \u00faj fejezetet nyitottak az orvostudom\u00e1ny \u00e9s farmakol\u00f3gia vil\u00e1g\u00e1ban. Tizenk\u00e9t olyan szem\u00e9lyis\u00e9g, akik t\u00f6retlen \u00e9s innovat\u00edv munk\u00e1juk r\u00e9v\u00e9n, gy\u00f6keresen befoly\u00e1solt\u00e1k az eg\u00e9szs\u00e9g\u00fcgy koruk- \u00e9s korunkbeli \u00e1llapot\u00e1t, megv\u00e1ltoztatva az emberis\u00e9g j\u00f6v\u0151j\u00e9t.<\/p>\n<p>[\/vc_column_text][\/vc_column][vc_column width=&#8221;1\/4&#8243;][\/vc_column][\/vc_row][vc_row el_id=&#8221;homeMonthGrid&#8221;][vc_column][vc_custom_heading text=&#8221;Napt\u00e1r 2024&#8243; font_container=&#8221;tag:h2|text_align:center&#8221; use_theme_fonts=&#8221;yes&#8221;][vc_basic_grid post_type=&#8221;post&#8221; max_items=&#8221;12&#8243; element_width=&#8221;3&#8243; order=&#8221;ASC&#8221; item=&#8221;69&#8243; grid_id=&#8221;vc_gid:1701852379182-60c2a801-bc6c-4&#8243;][\/vc_column][\/vc_row]<\/p>\n<\/div>","protected":false},"excerpt":{"rendered":"<p>[vc_row full_height=&#8221;yes&#8221; equal_height=&#8221;yes&#8221; content_placement=&#8221;middle&#8221; el_id=&#8221;homepageHero&#8221;][vc_column width=&#8221;3\/5&#8243;][vc_custom_heading text=&#8221;2024&#8243; font_container=&#8221;tag:h1|text_align:left&#8221; use_theme_fonts=&#8221;yes&#8221; el_class=&#8221;date&#8221;][vc_custom_heading text=&#8221;AZ ORVOSTUDOM\u00c1NY&#8221; font_container=&#8221;tag:h1|text_align:left&#8221; use_theme_fonts=&#8221;yes&#8221;][vc_custom_heading text=&#8221;Tit\u00e1njai&#8221; font_container=&#8221;tag:h3|text_align:left&#8221; use_theme_fonts=&#8221;yes&#8221;][\/vc_column][vc_column width=&#8221;2\/5&#8243;][vc_single_image image=&#8221;331&#8243; img_size=&#8221;full&#8221; alignment=&#8221;center&#8221; image_hovers=&#8221;false&#8221; lazy_loading=&#8221;true&#8221;][\/vc_column][\/vc_row][vc_row full_height=&#8221;yes&#8221; equal_height=&#8221;yes&#8221; content_placement=&#8221;middle&#8221; el_id=&#8221;homepageHeroMobile&#8221;][vc_column][vc_single_image image=&#8221;331&#8243; img_size=&#8221;full&#8221; alignment=&#8221;center&#8221; image_hovers=&#8221;false&#8221; lazy_loading=&#8221;true&#8221;][vc_custom_heading text=&#8221;AZ ORVOSTUDOM\u00c1NY&#8221; font_container=&#8221;tag:h1|text_align:center&#8221; use_theme_fonts=&#8221;yes&#8221;][vc_custom_heading text=&#8221;Tit\u00e1njai&#8221; font_container=&#8221;tag:h3|text_align:center&#8221; use_theme_fonts=&#8221;yes&#8221;][\/vc_column][\/vc_row][vc_row][vc_column width=&#8221;1\/4&#8243;][\/vc_column][vc_column width=&#8221;1\/2&#8243;][vc_column_text] Kutat\u00f3k \u00e9s tud\u00f3sok, akik \u00faj fejezetet nyitottak az orvostudom\u00e1ny \u00e9s farmakol\u00f3gia vil\u00e1g\u00e1ban. Tizenk\u00e9t olyan&hellip;<\/p>\n","protected":false},"author":1,"featured_media":0,"parent":0,"menu_order":0,"comment_status":"closed","ping_status":"closed","template":"","meta":{"footnotes":""},"class_list":["post-675","page","type-page","status-publish","hentry","description-off"],"acf":[],"_links":{"self":[{"href":"https:\/\/2024.ar-calendar.ro\/hu\/wp-json\/wp\/v2\/pages\/675","targetHints":{"allow":["GET"]}}],"collection":[{"href":"https:\/\/2024.ar-calendar.ro\/hu\/wp-json\/wp\/v2\/pages"}],"about":[{"href":"https:\/\/2024.ar-calendar.ro\/hu\/wp-json\/wp\/v2\/types\/page"}],"author":[{"embeddable":true,"href":"https:\/\/2024.ar-calendar.ro\/hu\/wp-json\/wp\/v2\/users\/1"}],"replies":[{"embeddable":true,"href":"https:\/\/2024.ar-calendar.ro\/hu\/wp-json\/wp\/v2\/comments?post=675"}],"version-history":[{"count":6,"href":"https:\/\/2024.ar-calendar.ro\/hu\/wp-json\/wp\/v2\/pages\/675\/revisions"}],"predecessor-version":[{"id":801,"href":"https:\/\/2024.ar-calendar.ro\/hu\/wp-json\/wp\/v2\/pages\/675\/revisions\/801"}],"wp:attachment":[{"href":"https:\/\/2024.ar-calendar.ro\/hu\/wp-json\/wp\/v2\/media?parent=675"}],"curies":[{"name":"wp","href":"https:\/\/api.w.org\/{rel}","templated":true}]}}